{"id":4421,"date":"2018-06-16T23:40:28","date_gmt":"2018-06-16T21:40:28","guid":{"rendered":"https:\/\/www.jcweb.it\/kite\/?page_id=4421"},"modified":"2019-05-08T21:33:23","modified_gmt":"2019-05-08T19:33:23","slug":"home","status":"publish","type":"page","link":"https:\/\/www.tegolakite.com\/de\/","title":{"rendered":"Home"},"content":{"rendered":"<p>[vc_row full_width=&#8221;stretch_row&#8221; css_animation_delay=&#8221;50&#8243; bg_color=&#8221;#ebebeb&#8221; padding_top=&#8221;20&#8243; padding_bottom=&#8221;20&#8243;][vc_column css_animation=&#8221;fadeInDown&#8221;][vc_row_inner css_animation=&#8221;top-to-bottom&#8221; css_animation_delay=&#8221;200&#8243; css=&#8221;.vc_custom_1508158747795{margin-top: 20px !important;margin-bottom: 20px !important;background-color: #ebebeb !important;}&#8221;][vc_column_inner width=&#8221;1\/12&#8243;][\/vc_column_inner][vc_column_inner width=&#8221;10\/12&#8243;][vc_column_text css_animation=&#8221;none&#8221; el_class=&#8221;testo-iniziale-home&#8221;]<\/p>\n<h2 style=\"text-align: center; color: #000;\"><strong>M\u00d6CHTEN SIE IHRE IMMOBILIE MIT<\/strong><br \/>\n<strong>EINIGEN EINFACHEN SCHRITTEN SCH\u00dcTZEN?<\/strong><\/h2>\n<p style=\"text-align: center;\"><strong><span style=\"color: #c7cf2b;\">KITE<\/span><\/strong> hat jahrelange Erfahrung in der Herstellung und im Vertrieb isolierender Bedachungen und Au\u00dfenwandverkleidungen, die so entwickelt wurden, dass sie vor W\u00e4rmeverlust sch\u00fctzen und maximale D\u00e4mmung und Abschirmung gew\u00e4hrleisten.<\/p>\n<p style=\"text-align: center;\">Und unser Produkt wird dabei nicht nur funktionalen Anforderungen sondern auch \u00e4sthetischen Anspr\u00fcchen gerecht, denn sein einzigartiges Design mit dem Touch eleganter Kreativit\u00e4t des Made in Italy tr\u00e4gt dazu bei, den Geb\u00e4udewert zu steigern.<\/p>\n<p>[\/vc_column_text][vc_empty_space height=&#8221;10px&#8221;][vc_btn title=&#8221;KONTAKTIEREN SIE UNS&#8221; style=&#8221;outline&#8221; color=&#8221;custom&#8221; hover_color=&#8221;custom&#8221; text_color=&#8221;custom&#8221; hover_text_color=&#8221;custom&#8221; size=&#8221;xlg&#8221; align=&#8221;center&#8221; css_animation=&#8221;none&#8221; link=&#8221;url:http%3A%2F%2Fwww.tegolakite.com%2Fde%2Fkontakte|||&#8221; custom_color=&#8221;#000000&#8243; hover_custom_color=&#8221;#becd00&#8243; text_custom_color=&#8221;#000000&#8243; hover_text_custom_color=&#8221;#becd00&#8243;][\/vc_column_inner][vc_column_inner width=&#8221;1\/12&#8243;][\/vc_column_inner][\/vc_row_inner][\/vc_column][\/vc_row][vc_row padding_top=&#8221;30&#8243;][vc_column][vc_single_image image=&#8221;3238&#8243; img_size=&#8221;&#8221; alignment=&#8221;center&#8221;][vc_empty_space][\/vc_column][\/vc_row][vc_row full_width=&#8221;stretch_row_content_no_spaces&#8221; content_placement=&#8221;middle&#8221;][vc_column][rev_slider_vc alias=&#8221;dove-utilizzare-kite&#8221;][\/vc_column][\/vc_row][vc_row full_width=&#8221;stretch_row_content&#8221; content_placement=&#8221;middle&#8221; padding_top=&#8221;40&#8243;][vc_column width=&#8221;1\/3&#8243; css=&#8221;.vc_custom_1502267240360{padding-top: 279px !important;padding-bottom: 272px !important;background: #ebebeb url(https:\/\/www.tegolakite.com\/wp-content\/uploads\/2014\/12\/kite-copertura-di-design-per-isolamento-termico-02.jpg?id=3312) !important;background-position: center !important;background-repeat: no-repeat !important;background-size: contain !important;}&#8221;][\/vc_column][vc_column width=&#8221;2\/3&#8243; css=&#8221;.vc_custom_1494181719413{padding-top: 150px !important;padding-bottom: 170px !important;background-color: #becd00 !important;}&#8221;][vc_row_inner][vc_column_inner width=&#8221;1\/6&#8243;][\/vc_column_inner][vc_column_inner width=&#8221;2\/3&#8243;][vc_column_text]<\/p>\n<p style=\"font-size: 30px;\"><strong>KITE<\/strong> kann an <strong>Wohngeb\u00e4uden<\/strong>, <strong>Gewerbe-und Industriegeb\u00e4uden<\/strong> zur Anwendung kommen<\/p>\n<p>[\/vc_column_text][vc_btn title=&#8221;Kite entdecken&#8221; style=&#8221;outline&#8221; color=&#8221;custom&#8221; hover_color=&#8221;custom&#8221; text_color=&#8221;custom&#8221; hover_text_color=&#8221;custom&#8221; size=&#8221;lg&#8221; align=&#8221;left&#8221; link=&#8221;url:http%3A%2F%2Fwww.tegolakite.com%2Fde%2Fdie-anwendung-von-kite%2F|||&#8221; custom_color=&#8221;#000000&#8243; hover_custom_color=&#8221;#ffffff&#8221; text_custom_color=&#8221;#000000&#8243; hover_text_custom_color=&#8221;#ffffff&#8221;][\/vc_column_inner][vc_column_inner width=&#8221;1\/6&#8243;][\/vc_column_inner][\/vc_row_inner][\/vc_column][\/vc_row]<\/p>\n","protected":false},"excerpt":{"rendered":"<p>[vc_row full_width=&#8221;stretch_row&#8221; css_animation_delay=&#8221;50&#8243; bg_color=&#8221;#ebebeb&#8221; padding_top=&#8221;20&#8243; padding_bottom=&#8221;20&#8243;][vc_column css_animation=&#8221;fadeInDown&#8221;][vc_row_inner css_animation=&#8221;top-to-bottom&#8221; css_animation_delay=&#8221;200&#8243; css=&#8221;.vc_custom_1508158747795{margin-top: 20px !important;margin-bottom: 20px !important;background-color: #ebebeb !important;}&#8221;][vc_column_inner width=&#8221;1\/12&#8243;][\/vc_column_inner][vc_column_inner width=&#8221;10\/12&#8243;][vc_column_text css_animation=&#8221;none&#8221; el_class=&#8221;testo-iniziale-home&#8221;] M\u00d6CHTEN SIE IHRE IMMOBILIE MIT&hellip;<\/p>\n<p><a href=\"https:\/\/www.tegolakite.com\/de\/\" class=\"more-link post-excerpt-readmore\"><span class=\"more-link-inner\">Read more<\/span><span class=\"more-link-brd\"><\/span><\/a><\/p>\n","protected":false},"author":1,"featured_media":0,"parent":0,"menu_order":0,"comment_status":"open","ping_status":"closed","template":"","meta":{"footnotes":""},"categories":[64],"tags":[],"class_list":["post-4421","page","type-page","status-publish","hentry","category-pagine-principali-de"],"_links":{"self":[{"href":"https:\/\/www.tegolakite.com\/de\/wp-json\/wp\/v2\/pages\/4421","targetHints":{"allow":["GET"]}}],"collection":[{"href":"https:\/\/www.tegolakite.com\/de\/wp-json\/wp\/v2\/pages"}],"about":[{"href":"https:\/\/www.tegolakite.com\/de\/wp-json\/wp\/v2\/types\/page"}],"author":[{"embeddable":true,"href":"https:\/\/www.tegolakite.com\/de\/wp-json\/wp\/v2\/users\/1"}],"replies":[{"embeddable":true,"href":"https:\/\/www.tegolakite.com\/de\/wp-json\/wp\/v2\/comments?post=4421"}],"version-history":[{"count":4,"href":"https:\/\/www.tegolakite.com\/de\/wp-json\/wp\/v2\/pages\/4421\/revisions"}],"predecessor-version":[{"id":4454,"href":"https:\/\/www.tegolakite.com\/de\/wp-json\/wp\/v2\/pages\/4421\/revisions\/4454"}],"wp:attachment":[{"href":"https:\/\/www.tegolakite.com\/de\/wp-json\/wp\/v2\/media?parent=4421"}],"wp:term":[{"taxonomy":"category","embeddable":true,"href":"https:\/\/www.tegolakite.com\/de\/wp-json\/wp\/v2\/categories?post=4421"},{"taxonomy":"post_tag","embeddable":true,"href":"https:\/\/www.tegolakite.com\/de\/wp-json\/wp\/v2\/tags?post=4421"}],"curies":[{"name":"wp","href":"https:\/\/api.w.org\/{rel}","templated":true}]}}