{"id":4484,"date":"2018-06-17T17:51:46","date_gmt":"2018-06-17T15:51:46","guid":{"rendered":"https:\/\/www.jcweb.it\/kite\/?page_id=4484"},"modified":"2019-05-06T21:52:42","modified_gmt":"2019-05-06T19:52:42","slug":"die-anwendung-von-kite","status":"publish","type":"page","link":"https:\/\/www.tegolakite.com\/de\/die-anwendung-von-kite\/","title":{"rendered":"Wo Kite dachplatten zur anwendung kommen"},"content":{"rendered":"<p>[vc_row full_width=&#8221;stretch_row&#8221; el_class=&#8221;riga-principale&#8221;][vc_column width=&#8221;1\/4&#8243; css=&#8221;.vc_custom_1494076439087{margin-right: 30px !important;margin-left: 10px !important;border-right-width: 10px !important;border-left-width: 10px !important;}&#8221;][vc_column_text][\/vc_column_text][\/vc_column][vc_column css_animation=&#8221;fadeInDown&#8221; width=&#8221;1\/2&#8243;][vc_empty_space height=&#8221;45px&#8221;][vc_column_text]<\/p>\n<p style=\"text-align: center; font-size: 18px;\"><span style=\"color: #becd00;\"><strong>KITE<\/strong><\/span> Dachplatten empfehlen sich f\u00fcr jedes <strong>Wohngeb\u00e4ude, f\u00fcr Firmen-, Gewerbe- oder Industrieimmobilien<\/strong>, die einer eleganten und strapazierf\u00e4higen L\u00f6sung bed\u00fcrfen.<\/p>\n<p style=\"text-align: center; font-size: 18px;\">Aufgrund seiner eigens entwickelten Charakteristiken und leichten Verlegung<br \/>\nl\u00e4sst sich unser Produkt au\u00dferdem leicht installieren.<\/p>\n<p style=\"text-align: center; font-size: 18px;\">Egal ob gro\u00dfe oder kleine Fl\u00e4chen, wir bieten Ihnen ein ma\u00dfgeschneidertes Produkt, das auch ideal f\u00fcr gro\u00dfe Fl\u00e4chen ist, bei denen eine gute Isolierung gefragt ist: <span style=\"color: #becd00;\"><strong>KITE<\/strong><\/span> Dachplatten sind ferner gr\u00f6\u00dfer als Standarddachplatten und bei deren Gebrauch k\u00f6nnen Sie beim Kauf gutes Geld sparen.<\/p>\n<p style=\"text-align: center; font-size: 20px;\"><strong>MINIMALE ANSTRENGUNG, MAXIMALE AUSBEUTE<br \/>\n<\/strong><\/p>\n<p>[\/vc_column_text][vc_empty_space height=&#8221;5px&#8221;][\/vc_column][vc_column width=&#8221;1\/4&#8243;][\/vc_column][\/vc_row]<\/p>\n","protected":false},"excerpt":{"rendered":"<p>[vc_row full_width=&#8221;stretch_row&#8221; el_class=&#8221;riga-principale&#8221;][vc_column width=&#8221;1\/4&#8243; css=&#8221;.vc_custom_1494076439087{margin-right: 30px !important;margin-left: 10px !important;border-right-width: 10px !important;border-left-width: 10px !important;}&#8221;][vc_column_text][\/vc_column_text][\/vc_column][vc_column css_animation=&#8221;fadeInDown&#8221; width=&#8221;1\/2&#8243;][vc_empty_space height=&#8221;45px&#8221;][vc_column_text] KITE Dachplatten empfehlen sich f\u00fcr jedes Wohngeb\u00e4ude, f\u00fcr Firmen-,&hellip;<\/p>\n<p><a href=\"https:\/\/www.tegolakite.com\/de\/die-anwendung-von-kite\/\" class=\"more-link post-excerpt-readmore\"><span class=\"more-link-inner\">Read more<\/span><span class=\"more-link-brd\"><\/span><\/a><\/p>\n","protected":false},"author":1,"featured_media":0,"parent":0,"menu_order":0,"comment_status":"open","ping_status":"closed","template":"template-portfolio.php","meta":{"footnotes":""},"categories":[64],"tags":[],"class_list":["post-4484","page","type-page","status-publish","hentry","category-pagine-principali-de"],"_links":{"self":[{"href":"https:\/\/www.tegolakite.com\/de\/wp-json\/wp\/v2\/pages\/4484","targetHints":{"allow":["GET"]}}],"collection":[{"href":"https:\/\/www.tegolakite.com\/de\/wp-json\/wp\/v2\/pages"}],"about":[{"href":"https:\/\/www.tegolakite.com\/de\/wp-json\/wp\/v2\/types\/page"}],"author":[{"embeddable":true,"href":"https:\/\/www.tegolakite.com\/de\/wp-json\/wp\/v2\/users\/1"}],"replies":[{"embeddable":true,"href":"https:\/\/www.tegolakite.com\/de\/wp-json\/wp\/v2\/comments?post=4484"}],"version-history":[{"count":3,"href":"https:\/\/www.tegolakite.com\/de\/wp-json\/wp\/v2\/pages\/4484\/revisions"}],"predecessor-version":[{"id":4487,"href":"https:\/\/www.tegolakite.com\/de\/wp-json\/wp\/v2\/pages\/4484\/revisions\/4487"}],"wp:attachment":[{"href":"https:\/\/www.tegolakite.com\/de\/wp-json\/wp\/v2\/media?parent=4484"}],"wp:term":[{"taxonomy":"category","embeddable":true,"href":"https:\/\/www.tegolakite.com\/de\/wp-json\/wp\/v2\/categories?post=4484"},{"taxonomy":"post_tag","embeddable":true,"href":"https:\/\/www.tegolakite.com\/de\/wp-json\/wp\/v2\/tags?post=4484"}],"curies":[{"name":"wp","href":"https:\/\/api.w.org\/{rel}","templated":true}]}}