{"id":4614,"date":"2018-06-17T20:13:53","date_gmt":"2018-06-17T18:13:53","guid":{"rendered":"https:\/\/www.jcweb.it\/kite\/?page_id=4614"},"modified":"2019-05-08T09:22:25","modified_gmt":"2019-05-08T07:22:25","slug":"schnee-und-eisbestaendig","status":"publish","type":"page","link":"https:\/\/www.tegolakite.com\/de\/schnee-und-eisbestaendig\/","title":{"rendered":"Schnee- Und Eisbest\u00e4ndig"},"content":{"rendered":"<p>[vc_row equal_height=&#8221;yes&#8221;][vc_column width=&#8221;1\/4&#8243; css=&#8221;.vc_custom_1494076439087{margin-right: 30px !important;margin-left: 10px !important;border-right-width: 10px !important;border-left-width: 10px !important;}&#8221;][vc_empty_space height=&#8221;25px&#8221;][vc_single_image image=&#8221;3311&#8243; alignment=&#8221;center&#8221; css_animation=&#8221;bounceIn&#8221;][\/vc_column][vc_column css_animation=&#8221;fadeInDown&#8221; width=&#8221;3\/4&#8243;][vc_empty_space height=&#8221;50px&#8221;][vc_row_inner][vc_column_inner width=&#8221;1\/2&#8243;][vc_column_text]<\/p>\n<p style=\"text-align: left; font-size: 18px;\">Dank der hochwertigen Werkstoffe, aus denen <strong><span style=\"color: #becd00;\">KITE <\/span><\/strong>hergestellt wird, und des Befestigungssystem ist diese Dachplatte auch <strong>schnee- und eisbest\u00e4ndig<\/strong>. Auf der Oberfl\u00e4che gleitet der Schnee zu Boden, wodurch gef\u00e4hrliche Schneeansammlungen und Belastungen durch das Gewicht des Schnees vermieden werden.<\/p>\n<p>[\/vc_column_text][\/vc_column_inner][vc_column_inner width=&#8221;1\/2&#8243;][vc_column_text]<\/p>\n<p style=\"text-align: left; font-size: 18px;\">Auch Eis kann den Dachplatten nichts anhaben, da jede von ihnen aus sehr <strong>temperaturbest\u00e4ndigen<\/strong> Werkstoffen hergestellt wird, sodass die Dachplatten auch f\u00fcr Geb\u00e4ude in H\u00f6henlagen sehr geeignet sind.<\/p>\n<p style=\"text-align: left; font-size: 18px;\">Entspannen Sie sich und genie\u00dfen Sie das Panorama auch bei Schnee und Eis von Ihren Sofa aus, denn Sie k\u00f6nnen sicher sein, eine <strong>stabile und widerstandsf\u00e4hige<\/strong> Verkleidung verlegt zu haben.<\/p>\n<p>[\/vc_column_text][\/vc_column_inner][\/vc_row_inner][\/vc_column][\/vc_row][vc_row content_placement=&#8221;middle&#8221;][vc_column][vc_empty_space height=&#8221;25px&#8221;][vc_separator color=&#8221;om-theme-color&#8221; border_width=&#8221;2&#8243; css_animation=&#8221;bounceIn&#8221;][vc_empty_space height=&#8221;25px&#8221;][\/vc_column][\/vc_row][vc_row padding_top=&#8221;70&#8243;][vc_column width=&#8221;1\/4&#8243;][vc_single_image image=&#8221;3310&#8243; alignment=&#8221;center&#8221; style=&#8221;vc_box_circle&#8221; onclick=&#8221;custom_link&#8221; css_animation=&#8221;bounceIn&#8221; link=&#8221;https:\/\/www.tegolakite.com\/de\/langlebig\/&#8221;][om_reduce_space height=&#8221;20px&#8221;][vc_column_text]<\/p>\n<h3 style=\"text-align: center;\">LANGLEBIG<\/h3>\n<p>[\/vc_column_text][\/vc_column][vc_column width=&#8221;1\/4&#8243;][vc_single_image image=&#8221;3309&#8243; alignment=&#8221;center&#8221; style=&#8221;vc_box_circle&#8221; onclick=&#8221;custom_link&#8221; css_animation=&#8221;bounceIn&#8221; link=&#8221;https:\/\/www.tegolakite.com\/de\/windfest\/&#8221;][om_reduce_space height=&#8221;20px&#8221;][vc_column_text]<\/p>\n<h3 style=\"text-align: center;\">WINDFEST<\/h3>\n<p>[\/vc_column_text][\/vc_column][vc_column width=&#8221;1\/4&#8243;][vc_single_image image=&#8221;3311&#8243; alignment=&#8221;center&#8221; style=&#8221;vc_box_circle&#8221; onclick=&#8221;custom_link&#8221; css_animation=&#8221;bounceIn&#8221; link=&#8221;https:\/\/www.tegolakite.com\/de\/schnee-und-eisbestaendig\/&#8221;][om_reduce_space height=&#8221;20px&#8221;][vc_column_text]<\/p>\n<h3 style=\"text-align: center;\">SCHNEE- UND<br \/>\nEISBEST\u00c4NDIG<\/h3>\n<p>[\/vc_column_text][\/vc_column][vc_column width=&#8221;1\/4&#8243;][vc_single_image image=&#8221;3308&#8243; alignment=&#8221;center&#8221; style=&#8221;vc_box_circle&#8221; onclick=&#8221;custom_link&#8221; css_animation=&#8221;bounceIn&#8221; link=&#8221;https:\/\/www.tegolakite.com\/de\/schutz-vor-temperaturschwankungen\/&#8221;][om_reduce_space height=&#8221;20px&#8221;][vc_column_text]<\/p>\n<h3 style=\"text-align: center;\">SCHUTZ VOR<br \/>\nTEMPERATURSCHWANKUNGEN<\/h3>\n<p>[\/vc_column_text][\/vc_column][\/vc_row][vc_row padding_top=&#8221;70px&#8221; padding_bottom=&#8221;70px&#8221; el_class=&#8221;riga-icone-animate&#8221;][vc_column width=&#8221;1\/4&#8243;][vc_single_image image=&#8221;3307&#8243; alignment=&#8221;center&#8221; style=&#8221;vc_box_circle&#8221; onclick=&#8221;custom_link&#8221; css_animation=&#8221;bounceIn&#8221; link=&#8221;https:\/\/www.tegolakite.com\/de\/wasserdichter-schutz\/&#8221;][om_reduce_space height=&#8221;20px&#8221;][vc_column_text]<\/p>\n<h3 style=\"text-align: center;\">WASSERDICHTER SCHUTZ<\/h3>\n<p>[\/vc_column_text][\/vc_column][vc_column width=&#8221;1\/4&#8243;][vc_single_image image=&#8221;3306&#8243; alignment=&#8221;center&#8221; style=&#8221;vc_box_circle&#8221; onclick=&#8221;custom_link&#8221; css_animation=&#8221;bounceIn&#8221; link=&#8221;https:\/\/www.tegolakite.com\/de\/umweltvertraegliche-werkstoffe\/&#8221;][om_reduce_space height=&#8221;20px&#8221;][vc_column_text]<\/p>\n<h3 style=\"text-align: center;\">UMWELTVERTR\u00c4GLICHE<br \/>\nWERKSTOFFE<\/h3>\n<p>[\/vc_column_text][\/vc_column][vc_column width=&#8221;1\/4&#8243;][vc_single_image image=&#8221;3304&#8243; alignment=&#8221;center&#8221; style=&#8221;vc_box_circle&#8221; onclick=&#8221;custom_link&#8221; css_animation=&#8221;bounceIn&#8221; link=&#8221;https:\/\/www.tegolakite.com\/de\/leicht-zu-verlegen\/&#8221;][om_reduce_space height=&#8221;20px&#8221;][vc_column_text]<\/p>\n<h3 style=\"text-align: center;\">LEICHT<br \/>\nZU VERLEGEN<\/h3>\n<p>[\/vc_column_text][\/vc_column][vc_column width=&#8221;1\/4&#8243;][vc_single_image image=&#8221;3971&#8243; alignment=&#8221;center&#8221; onclick=&#8221;custom_link&#8221; img_link_target=&#8221;_blank&#8221; css_animation=&#8221;bounceIn&#8221; link=&#8221;https:\/\/www.tegolakite.com\/wp-content\/uploads\/2018\/06\/DE-SCHEDA-TECNICA-KITE.pdf&#8221;][om_reduce_space height=&#8221;20px&#8221;][vc_column_text]<\/p>\n<h3 style=\"text-align: center;\">PDF DATENBLATT<br \/>\nHERUNTERLADEN<\/h3>\n<p>[\/vc_column_text][\/vc_column][\/vc_row]<\/p>\n","protected":false},"excerpt":{"rendered":"<p>[vc_row equal_height=&#8221;yes&#8221;][vc_column width=&#8221;1\/4&#8243; css=&#8221;.vc_custom_1494076439087{margin-right: 30px !important;margin-left: 10px !important;border-right-width: 10px !important;border-left-width: 10px !important;}&#8221;][vc_empty_space height=&#8221;25px&#8221;][vc_single_image image=&#8221;3311&#8243; alignment=&#8221;center&#8221; css_animation=&#8221;bounceIn&#8221;][\/vc_column][vc_column css_animation=&#8221;fadeInDown&#8221; width=&#8221;3\/4&#8243;][vc_empty_space height=&#8221;50px&#8221;][vc_row_inner][vc_column_inner width=&#8221;1\/2&#8243;][vc_column_text] Dank der hochwertigen Werkstoffe, aus&hellip;<\/p>\n<p><a href=\"https:\/\/www.tegolakite.com\/de\/schnee-und-eisbestaendig\/\" class=\"more-link post-excerpt-readmore\"><span class=\"more-link-inner\">Read more<\/span><span class=\"more-link-brd\"><\/span><\/a><\/p>\n","protected":false},"author":1,"featured_media":0,"parent":0,"menu_order":0,"comment_status":"open","ping_status":"closed","template":"","meta":{"footnotes":""},"categories":[55],"tags":[],"class_list":["post-4614","page","type-page","status-publish","hentry","category-caratteristiche-kite-de"],"_links":{"self":[{"href":"https:\/\/www.tegolakite.com\/de\/wp-json\/wp\/v2\/pages\/4614","targetHints":{"allow":["GET"]}}],"collection":[{"href":"https:\/\/www.tegolakite.com\/de\/wp-json\/wp\/v2\/pages"}],"about":[{"href":"https:\/\/www.tegolakite.com\/de\/wp-json\/wp\/v2\/types\/page"}],"author":[{"embeddable":true,"href":"https:\/\/www.tegolakite.com\/de\/wp-json\/wp\/v2\/users\/1"}],"replies":[{"embeddable":true,"href":"https:\/\/www.tegolakite.com\/de\/wp-json\/wp\/v2\/comments?post=4614"}],"version-history":[{"count":8,"href":"https:\/\/www.tegolakite.com\/de\/wp-json\/wp\/v2\/pages\/4614\/revisions"}],"predecessor-version":[{"id":4840,"href":"https:\/\/www.tegolakite.com\/de\/wp-json\/wp\/v2\/pages\/4614\/revisions\/4840"}],"wp:attachment":[{"href":"https:\/\/www.tegolakite.com\/de\/wp-json\/wp\/v2\/media?parent=4614"}],"wp:term":[{"taxonomy":"category","embeddable":true,"href":"https:\/\/www.tegolakite.com\/de\/wp-json\/wp\/v2\/categories?post=4614"},{"taxonomy":"post_tag","embeddable":true,"href":"https:\/\/www.tegolakite.com\/de\/wp-json\/wp\/v2\/tags?post=4614"}],"curies":[{"name":"wp","href":"https:\/\/api.w.org\/{rel}","templated":true}]}}