{"id":4316,"date":"2018-06-16T20:20:43","date_gmt":"2018-06-16T18:20:43","guid":{"rendered":"https:\/\/www.jcweb.it\/kite\/?page_id=4316"},"modified":"2019-05-06T18:06:21","modified_gmt":"2019-05-06T16:06:21","slug":"home","status":"publish","type":"page","link":"https:\/\/www.tegolakite.com\/fr\/","title":{"rendered":"Home"},"content":{"rendered":"<p>[vc_row full_width=&#8221;stretch_row&#8221; css_animation_delay=&#8221;50&#8243; bg_color=&#8221;#ebebeb&#8221; padding_top=&#8221;20&#8243; padding_bottom=&#8221;20&#8243;][vc_column css_animation=&#8221;fadeInDown&#8221;][vc_row_inner css_animation=&#8221;top-to-bottom&#8221; css_animation_delay=&#8221;200&#8243; css=&#8221;.vc_custom_1508158747795{margin-top: 20px !important;margin-bottom: 20px !important;background-color: #ebebeb !important;}&#8221;][vc_column_inner width=&#8221;1\/12&#8243;][\/vc_column_inner][vc_column_inner width=&#8221;10\/12&#8243;][vc_column_text css_animation=&#8221;none&#8221; el_class=&#8221;testo-iniziale-home&#8221;]<\/p>\n<h2 style=\"text-align: center; color: #000;\"><strong>VOUS VOULEZ D\u00c9FENDRE VOTRE IMMEUBLE <\/strong><br \/>\n<strong>EN SIMPLES ET PEU D\u2019\u00c9TAPES ?<\/strong><\/h2>\n<p style=\"text-align: center;\"><strong><span style=\"color: #c7cf2b;\">KITE<\/span><\/strong> vante une exp\u00e9rience pluriannuelle dans la production et la commercialisation des toitures et des rev\u00eatements de murs,<br \/>\n\u00e9tudi\u00e9s express\u00e9ment pour contraster la dispersion thermique<br \/>\net garantir le maximum d\u2019isolement et de protection.<\/p>\n<p style=\"text-align: center;\">Notre produit est \u00e9tudi\u00e9 pour r\u00e9pondre principalement aux exigences fonctionnelles,<br \/>\nmais \u00e9galement esth\u00e9tiques gr\u00e2ce \u00e0 son design unique<br \/>\nqui contribuera \u00e0 augmenter la valeur du b\u00e2timent<br \/>\navec une touche de cr\u00e9ativit\u00e9 \u00e9l\u00e9gante Made in Italy.<\/p>\n<p>[\/vc_column_text][vc_empty_space height=&#8221;10px&#8221;][vc_btn title=&#8221;CONTACTEZ-NOUS&#8221; style=&#8221;outline&#8221; color=&#8221;custom&#8221; hover_color=&#8221;custom&#8221; text_color=&#8221;custom&#8221; hover_text_color=&#8221;custom&#8221; size=&#8221;xlg&#8221; align=&#8221;center&#8221; css_animation=&#8221;none&#8221; link=&#8221;url:http%3A%2F%2Fwww.tegolakite.com%2Ffr%2Fcontacts%2F|||&#8221; custom_color=&#8221;#000000&#8243; hover_custom_color=&#8221;#becd00&#8243; text_custom_color=&#8221;#000000&#8243; hover_text_custom_color=&#8221;#becd00&#8243;][\/vc_column_inner][vc_column_inner width=&#8221;1\/12&#8243;][\/vc_column_inner][\/vc_row_inner][\/vc_column][\/vc_row][vc_row padding_top=&#8221;30&#8243;][vc_column][vc_single_image image=&#8221;3238&#8243; img_size=&#8221;&#8221; alignment=&#8221;center&#8221;][vc_empty_space][\/vc_column][\/vc_row][vc_row full_width=&#8221;stretch_row_content_no_spaces&#8221; content_placement=&#8221;middle&#8221;][vc_column][rev_slider_vc alias=&#8221;dove-utilizzare-kite&#8221;][\/vc_column][\/vc_row][vc_row full_width=&#8221;stretch_row_content&#8221; content_placement=&#8221;middle&#8221; padding_top=&#8221;40&#8243;][vc_column width=&#8221;1\/3&#8243; css=&#8221;.vc_custom_1502267240360{padding-top: 279px !important;padding-bottom: 272px !important;background: #ebebeb url(https:\/\/www.tegolakite.com\/wp-content\/uploads\/2014\/12\/kite-copertura-di-design-per-isolamento-termico-02.jpg?id=3312) !important;background-position: center !important;background-repeat: no-repeat !important;background-size: contain !important;}&#8221;][\/vc_column][vc_column width=&#8221;2\/3&#8243; css=&#8221;.vc_custom_1494181719413{padding-top: 150px !important;padding-bottom: 170px !important;background-color: #becd00 !important;}&#8221;][vc_row_inner][vc_column_inner width=&#8221;1\/6&#8243;][\/vc_column_inner][vc_column_inner width=&#8221;2\/3&#8243;][vc_column_text]<\/p>\n<p style=\"font-size: 30px;\"><strong>KITE<\/strong> peut \u00eatre appliqu\u00e9e dans les <strong>habitations<\/strong>,<br \/>\n<strong>les espaces commerciaux et industriels<\/strong><\/p>\n<p>[\/vc_column_text][vc_btn title=&#8221;D\u00e9couvrez Kite&#8221; style=&#8221;outline&#8221; color=&#8221;custom&#8221; hover_color=&#8221;custom&#8221; text_color=&#8221;custom&#8221; hover_text_color=&#8221;custom&#8221; size=&#8221;lg&#8221; align=&#8221;left&#8221; link=&#8221;url:http%3A%2F%2Fwww.tegolakite.com%2Ffr%2Fou-utiliser-la-tuile-kite%2F|||&#8221; custom_color=&#8221;#000000&#8243; hover_custom_color=&#8221;#ffffff&#8221; text_custom_color=&#8221;#000000&#8243; hover_text_custom_color=&#8221;#ffffff&#8221;][\/vc_column_inner][vc_column_inner width=&#8221;1\/6&#8243;][\/vc_column_inner][\/vc_row_inner][\/vc_column][\/vc_row]<\/p>\n","protected":false},"excerpt":{"rendered":"<p>[vc_row full_width=&#8221;stretch_row&#8221; css_animation_delay=&#8221;50&#8243; bg_color=&#8221;#ebebeb&#8221; padding_top=&#8221;20&#8243; padding_bottom=&#8221;20&#8243;][vc_column css_animation=&#8221;fadeInDown&#8221;][vc_row_inner css_animation=&#8221;top-to-bottom&#8221; css_animation_delay=&#8221;200&#8243; css=&#8221;.vc_custom_1508158747795{margin-top: 20px !important;margin-bottom: 20px !important;background-color: #ebebeb !important;}&#8221;][vc_column_inner width=&#8221;1\/12&#8243;][\/vc_column_inner][vc_column_inner width=&#8221;10\/12&#8243;][vc_column_text css_animation=&#8221;none&#8221; el_class=&#8221;testo-iniziale-home&#8221;] VOUS VOULEZ D\u00c9FENDRE VOTRE IMMEUBLE&hellip;<\/p>\n<p><a href=\"https:\/\/www.tegolakite.com\/fr\/\" class=\"more-link post-excerpt-readmore\"><span class=\"more-link-inner\">Read more<\/span><span class=\"more-link-brd\"><\/span><\/a><\/p>\n","protected":false},"author":1,"featured_media":0,"parent":0,"menu_order":0,"comment_status":"open","ping_status":"closed","template":"","meta":{"footnotes":""},"categories":[63],"tags":[],"class_list":["post-4316","page","type-page","status-publish","hentry","category-pagine-principali-fr"],"_links":{"self":[{"href":"https:\/\/www.tegolakite.com\/fr\/wp-json\/wp\/v2\/pages\/4316","targetHints":{"allow":["GET"]}}],"collection":[{"href":"https:\/\/www.tegolakite.com\/fr\/wp-json\/wp\/v2\/pages"}],"about":[{"href":"https:\/\/www.tegolakite.com\/fr\/wp-json\/wp\/v2\/types\/page"}],"author":[{"embeddable":true,"href":"https:\/\/www.tegolakite.com\/fr\/wp-json\/wp\/v2\/users\/1"}],"replies":[{"embeddable":true,"href":"https:\/\/www.tegolakite.com\/fr\/wp-json\/wp\/v2\/comments?post=4316"}],"version-history":[{"count":5,"href":"https:\/\/www.tegolakite.com\/fr\/wp-json\/wp\/v2\/pages\/4316\/revisions"}],"predecessor-version":[{"id":4676,"href":"https:\/\/www.tegolakite.com\/fr\/wp-json\/wp\/v2\/pages\/4316\/revisions\/4676"}],"wp:attachment":[{"href":"https:\/\/www.tegolakite.com\/fr\/wp-json\/wp\/v2\/media?parent=4316"}],"wp:term":[{"taxonomy":"category","embeddable":true,"href":"https:\/\/www.tegolakite.com\/fr\/wp-json\/wp\/v2\/categories?post=4316"},{"taxonomy":"post_tag","embeddable":true,"href":"https:\/\/www.tegolakite.com\/fr\/wp-json\/wp\/v2\/tags?post=4316"}],"curies":[{"name":"wp","href":"https:\/\/api.w.org\/{rel}","templated":true}]}}