{"id":4377,"date":"2018-06-16T22:50:45","date_gmt":"2018-06-16T20:50:45","guid":{"rendered":"https:\/\/www.jcweb.it\/kite\/?page_id=4377"},"modified":"2021-12-13T15:43:49","modified_gmt":"2021-12-13T14:43:49","slug":"ou-utiliser-la-tuile-kite","status":"publish","type":"page","link":"https:\/\/www.tegolakite.com\/fr\/ou-utiliser-la-tuile-kite\/","title":{"rendered":"O\u00f9 utiliser la tegola Kite"},"content":{"rendered":"<p>[vc_row full_width=&#8221;stretch_row&#8221; el_class=&#8221;riga-principale&#8221;][vc_column width=&#8221;1\/4&#8243; css=&#8221;.vc_custom_1494076439087{margin-right: 30px !important;margin-left: 10px !important;border-right-width: 10px !important;border-left-width: 10px !important;}&#8221;][vc_column_text][\/vc_column_text][\/vc_column][vc_column css_animation=&#8221;fadeInDown&#8221; width=&#8221;1\/2&#8243;][vc_empty_space height=&#8221;45px&#8221;][vc_column_text]<\/p>\n<p style=\"text-align: center; font-size: 18px;\">L\u2019utilisation de <strong><span style=\"color: #becd00;\">KITE<\/span><\/strong> est conseill\u00e9e pour chaque <strong>habitation priv\u00e9e, espace professionnel ou espace commercial et industriel<\/strong> qui n\u00e9cessite d\u2019une solution \u00e9l\u00e9gante et r\u00e9sistante.<\/p>\n<p style=\"text-align: center; font-size: 18px;\">Par ses caract\u00e9ristiques \u00e9tudi\u00e9es ad hoc et la facilit\u00e9 de pose, elle r\u00e9sulte en plus facile \u00e0 installer.<\/p>\n<p style=\"text-align: center; font-size: 18px;\">Que ce soit pour petits que pour grands espaces nous vous offrons un produit sur mesure, id\u00e9al \u00e9galement pour des surfaces larges qui ont besoin d\u2019une meilleure isolation ; en utilisant <strong><span style=\"color: #becd00;\">KITE<\/span><\/strong> , de ses caract\u00e9ristiques techniques, de sa grandeur par rapport \u00e0 une tuile standard, vous pourrez obtenir une \u00e9conomie consid\u00e9rable \u00e0 l\u2019achat.<\/p>\n<p style=\"text-align: center; font-size: 20px;\"><strong>EFFORT MINIMUM, RENTABILIT\u00c9 MAXIMALE<\/strong><\/p>\n<p>[\/vc_column_text][vc_empty_space height=&#8221;5px&#8221;][\/vc_column][vc_column width=&#8221;1\/4&#8243;][\/vc_column][\/vc_row]<\/p>\n","protected":false},"excerpt":{"rendered":"<p>[vc_row full_width=&#8221;stretch_row&#8221; el_class=&#8221;riga-principale&#8221;][vc_column width=&#8221;1\/4&#8243; css=&#8221;.vc_custom_1494076439087{margin-right: 30px !important;margin-left: 10px !important;border-right-width: 10px !important;border-left-width: 10px !important;}&#8221;][vc_column_text][\/vc_column_text][\/vc_column][vc_column css_animation=&#8221;fadeInDown&#8221; width=&#8221;1\/2&#8243;][vc_empty_space height=&#8221;45px&#8221;][vc_column_text] L\u2019utilisation de KITE est conseill\u00e9e pour chaque habitation priv\u00e9e,&hellip;<\/p>\n<p><a href=\"https:\/\/www.tegolakite.com\/fr\/ou-utiliser-la-tuile-kite\/\" class=\"more-link post-excerpt-readmore\"><span class=\"more-link-inner\">Read more<\/span><span class=\"more-link-brd\"><\/span><\/a><\/p>\n","protected":false},"author":1,"featured_media":0,"parent":0,"menu_order":0,"comment_status":"closed","ping_status":"closed","template":"template-portfolio.php","meta":{"footnotes":""},"categories":[63],"tags":[],"class_list":["post-4377","page","type-page","status-publish","hentry","category-pagine-principali-fr"],"_links":{"self":[{"href":"https:\/\/www.tegolakite.com\/fr\/wp-json\/wp\/v2\/pages\/4377","targetHints":{"allow":["GET"]}}],"collection":[{"href":"https:\/\/www.tegolakite.com\/fr\/wp-json\/wp\/v2\/pages"}],"about":[{"href":"https:\/\/www.tegolakite.com\/fr\/wp-json\/wp\/v2\/types\/page"}],"author":[{"embeddable":true,"href":"https:\/\/www.tegolakite.com\/fr\/wp-json\/wp\/v2\/users\/1"}],"replies":[{"embeddable":true,"href":"https:\/\/www.tegolakite.com\/fr\/wp-json\/wp\/v2\/comments?post=4377"}],"version-history":[{"count":4,"href":"https:\/\/www.tegolakite.com\/fr\/wp-json\/wp\/v2\/pages\/4377\/revisions"}],"predecessor-version":[{"id":5554,"href":"https:\/\/www.tegolakite.com\/fr\/wp-json\/wp\/v2\/pages\/4377\/revisions\/5554"}],"wp:attachment":[{"href":"https:\/\/www.tegolakite.com\/fr\/wp-json\/wp\/v2\/media?parent=4377"}],"wp:term":[{"taxonomy":"category","embeddable":true,"href":"https:\/\/www.tegolakite.com\/fr\/wp-json\/wp\/v2\/categories?post=4377"},{"taxonomy":"post_tag","embeddable":true,"href":"https:\/\/www.tegolakite.com\/fr\/wp-json\/wp\/v2\/tags?post=4377"}],"curies":[{"name":"wp","href":"https:\/\/api.w.org\/{rel}","templated":true}]}}