{"id":4567,"date":"2018-06-17T19:49:57","date_gmt":"2018-06-17T17:49:57","guid":{"rendered":"https:\/\/www.jcweb.it\/kite\/?page_id=4567"},"modified":"2019-05-06T17:53:48","modified_gmt":"2019-05-06T15:53:48","slug":"facile-a-poser","status":"publish","type":"page","link":"https:\/\/www.tegolakite.com\/fr\/facile-a-poser\/","title":{"rendered":"Facile \u00e0 poser"},"content":{"rendered":"<p>[vc_row][vc_column width=&#8221;1\/4&#8243; css=&#8221;.vc_custom_1494076439087{margin-right: 30px !important;margin-left: 10px !important;border-right-width: 10px !important;border-left-width: 10px !important;}&#8221;][vc_empty_space height=&#8221;25px&#8221;][vc_single_image image=&#8221;3304&#8243; alignment=&#8221;center&#8221; css_animation=&#8221;bounceIn&#8221;][\/vc_column][vc_column css_animation=&#8221;fadeInDown&#8221; width=&#8221;3\/4&#8243;][vc_empty_space height=&#8221;50px&#8221;][vc_row_inner][vc_column_inner width=&#8221;1\/2&#8243;][vc_column_text]<\/p>\n<p style=\"text-align: left; font-size: 18px;\">Nous savons bien que le temps est, surtout au jour d\u2019aujourd\u2019hui, argent.<\/p>\n<p style=\"text-align: left; font-size: 18px;\">Pour cette raison nous avons fortement voulu mettre \u00e0 point une tuile tr\u00e8s <strong>facile \u00e0 poser<\/strong>.<br \/>\nLa pose d\u2019un toit demande, traditionnellement, non seulement une main d\u2019\u0153uvre hautement sp\u00e9cialis\u00e9e, mais pr\u00e9voit aussi que, qui la fournit, puisse le monter.<\/p>\n<p style=\"text-align: left; font-size: 18px;\">\u00c0 diff\u00e9rence, dans le cas de <strong><span style=\"color: #becd00;\">KITE<\/span><\/strong>, nous vous permettons de d\u00e9cider en pleine autonomie et libert\u00e9 <strong>\u00e0 qui confier la pose<\/strong> de votre toit ! Ceci car notre tuile a \u00e9t\u00e9 \u00e9tudi\u00e9e pour \u00eatre mont\u00e9e par quiconque ait un minimum de connaissance des toitures et des rev\u00eatements.<\/p>\n<p>[\/vc_column_text][\/vc_column_inner][vc_column_inner width=&#8221;1\/2&#8243;][vc_column_text]<\/p>\n<p style=\"text-align: left; font-size: 18px;\">Le syst\u00e8me particulier de sertissage de <strong><span style=\"color: #becd00;\">KITE<\/span><\/strong>, brevet\u00e9, avec son poids r\u00e9duit et les grandes dimensions forment, en effet, un trio imbattable, synonyme de pose de qualit\u00e9 et rapidit\u00e9 pour nos clients.<\/p>\n<p style=\"text-align: left; font-size: 18px;\">Par 4 simples vis, votre tuile couvrira facilement quelconque superficie.<br \/>\nFacilit\u00e9 n\u2019est, par contre, pas synonyme de manque de qualit\u00e9. La s\u00e9curit\u00e9 de tenue des tuiles n\u00e9cessaire est assur\u00e9e par un sertissage sp\u00e9cial et par des lattes de fixation int\u00e9gr\u00e9es, qui forment un lien s\u00fbr et r\u00e9sistant, qui vous garantit une <strong>tenue stable et durable<\/strong>.<\/p>\n<p>[\/vc_column_text][\/vc_column_inner][\/vc_row_inner][\/vc_column][\/vc_row][vc_row content_placement=&#8221;middle&#8221;][vc_column][vc_empty_space height=&#8221;25px&#8221;][vc_separator color=&#8221;om-theme-color&#8221; border_width=&#8221;2&#8243; css_animation=&#8221;bounceIn&#8221;][vc_empty_space height=&#8221;25px&#8221;][\/vc_column][\/vc_row][vc_row padding_top=&#8221;70&#8243;][vc_column width=&#8221;1\/4&#8243;][vc_single_image image=&#8221;3310&#8243; alignment=&#8221;center&#8221; style=&#8221;vc_box_circle&#8221; onclick=&#8221;custom_link&#8221; css_animation=&#8221;bounceIn&#8221; link=&#8221;https:\/\/www.tegolakite.com\/fr\/resistante-dans-le-temps\/&#8221;][om_reduce_space height=&#8221;20px&#8221;][vc_column_text]<\/p>\n<h3 style=\"text-align: center;\">R\u00c9SISTANTE<br \/>\nDANS LE TEMPS<\/h3>\n<p>[\/vc_column_text][\/vc_column][vc_column width=&#8221;1\/4&#8243;][vc_single_image image=&#8221;3309&#8243; alignment=&#8221;center&#8221; style=&#8221;vc_box_circle&#8221; onclick=&#8221;custom_link&#8221; css_animation=&#8221;bounceIn&#8221; link=&#8221;https:\/\/www.tegolakite.com\/fr\/resistante-au-vent\/&#8221;][om_reduce_space height=&#8221;20px&#8221;][vc_column_text]<\/p>\n<h3 style=\"text-align: center;\">R\u00c9SISTANTE<br \/>\nAU VENT<\/h3>\n<p>[\/vc_column_text][\/vc_column][vc_column width=&#8221;1\/4&#8243;][vc_single_image image=&#8221;3311&#8243; alignment=&#8221;center&#8221; style=&#8221;vc_box_circle&#8221; onclick=&#8221;custom_link&#8221; css_animation=&#8221;bounceIn&#8221; link=&#8221;https:\/\/www.tegolakite.com\/fr\/resistant-a-la-neige-et-a-la-glace\/&#8221;][om_reduce_space height=&#8221;20px&#8221;][vc_column_text]<\/p>\n<h3 style=\"text-align: center;\">R\u00c9SISTANT \u00c0 LA NEIGE<br \/>\nET \u00c0 LA GLACE<\/h3>\n<p>[\/vc_column_text][\/vc_column][vc_column width=&#8221;1\/4&#8243;][vc_single_image image=&#8221;3308&#8243; alignment=&#8221;center&#8221; style=&#8221;vc_box_circle&#8221; onclick=&#8221;custom_link&#8221; css_animation=&#8221;bounceIn&#8221; link=&#8221;https:\/\/www.tegolakite.com\/fr\/protection-aux-variations-thermiques\/&#8221;][om_reduce_space height=&#8221;20px&#8221;][vc_column_text]<\/p>\n<h3 style=\"text-align: center;\">PROTECTION AUX<br \/>\nVARIATIONS THERMIQUES<\/h3>\n<p>[\/vc_column_text][\/vc_column][\/vc_row][vc_row padding_top=&#8221;70px&#8221; padding_bottom=&#8221;70px&#8221; el_class=&#8221;riga-icone-animate&#8221;][vc_column width=&#8221;1\/4&#8243;][vc_single_image image=&#8221;3307&#8243; alignment=&#8221;center&#8221; style=&#8221;vc_box_circle&#8221; onclick=&#8221;custom_link&#8221; css_animation=&#8221;bounceIn&#8221; link=&#8221;https:\/\/www.tegolakite.com\/fr\/protection-impermeable\/&#8221;][om_reduce_space height=&#8221;20px&#8221;][vc_column_text]<\/p>\n<h3 style=\"text-align: center;\">PROTECTION IMPERM\u00c9ABLE<\/h3>\n<p>[\/vc_column_text][\/vc_column][vc_column width=&#8221;1\/4&#8243;][vc_single_image image=&#8221;3306&#8243; alignment=&#8221;center&#8221; style=&#8221;vc_box_circle&#8221; onclick=&#8221;custom_link&#8221; css_animation=&#8221;bounceIn&#8221; link=&#8221;https:\/\/www.tegolakite.com\/fr\/materiaux-ecologiques\/&#8221;][om_reduce_space height=&#8221;20px&#8221;][vc_column_text]<\/p>\n<h3 style=\"text-align: center;\">MAT\u00c9RIAUX<br \/>\n\u00c9COLOGIQUES<\/h3>\n<p>[\/vc_column_text][\/vc_column][vc_column width=&#8221;1\/4&#8243;][vc_single_image image=&#8221;3304&#8243; alignment=&#8221;center&#8221; style=&#8221;vc_box_circle&#8221; onclick=&#8221;custom_link&#8221; css_animation=&#8221;bounceIn&#8221; link=&#8221;https:\/\/www.tegolakite.com\/fr\/facile-a-poser\/&#8221;][om_reduce_space height=&#8221;20px&#8221;][vc_column_text]<\/p>\n<h3 style=\"text-align: center;\">FACILE<br \/>\n\u00c0 POSER<\/h3>\n<p>[\/vc_column_text][\/vc_column][vc_column width=&#8221;1\/4&#8243;][vc_single_image image=&#8221;3971&#8243; alignment=&#8221;center&#8221; onclick=&#8221;custom_link&#8221; img_link_target=&#8221;_blank&#8221; css_animation=&#8221;bounceIn&#8221; link=&#8221;https:\/\/www.tegolakite.com\/wp-content\/uploads\/2018\/06\/FR-SCHEDA-TECNICA-KITE.pdf&#8221;][om_reduce_space height=&#8221;20px&#8221;][vc_column_text]<\/p>\n<h3 style=\"text-align: center;\">D\u00c9CHARGEZ<br \/>\nLA FICHE PDF<\/h3>\n<p>[\/vc_column_text][\/vc_column][\/vc_row]<\/p>\n","protected":false},"excerpt":{"rendered":"<p>[vc_row][vc_column width=&#8221;1\/4&#8243; css=&#8221;.vc_custom_1494076439087{margin-right: 30px !important;margin-left: 10px !important;border-right-width: 10px !important;border-left-width: 10px !important;}&#8221;][vc_empty_space height=&#8221;25px&#8221;][vc_single_image image=&#8221;3304&#8243; alignment=&#8221;center&#8221; css_animation=&#8221;bounceIn&#8221;][\/vc_column][vc_column css_animation=&#8221;fadeInDown&#8221; width=&#8221;3\/4&#8243;][vc_empty_space height=&#8221;50px&#8221;][vc_row_inner][vc_column_inner width=&#8221;1\/2&#8243;][vc_column_text] Nous savons bien que le temps&hellip;<\/p>\n<p><a href=\"https:\/\/www.tegolakite.com\/fr\/facile-a-poser\/\" class=\"more-link post-excerpt-readmore\"><span class=\"more-link-inner\">Read more<\/span><span class=\"more-link-brd\"><\/span><\/a><\/p>\n","protected":false},"author":1,"featured_media":0,"parent":0,"menu_order":0,"comment_status":"open","ping_status":"open","template":"","meta":{"footnotes":""},"categories":[54],"tags":[],"class_list":["post-4567","page","type-page","status-publish","hentry","category-caratteristiche-kite-fr"],"_links":{"self":[{"href":"https:\/\/www.tegolakite.com\/fr\/wp-json\/wp\/v2\/pages\/4567","targetHints":{"allow":["GET"]}}],"collection":[{"href":"https:\/\/www.tegolakite.com\/fr\/wp-json\/wp\/v2\/pages"}],"about":[{"href":"https:\/\/www.tegolakite.com\/fr\/wp-json\/wp\/v2\/types\/page"}],"author":[{"embeddable":true,"href":"https:\/\/www.tegolakite.com\/fr\/wp-json\/wp\/v2\/users\/1"}],"replies":[{"embeddable":true,"href":"https:\/\/www.tegolakite.com\/fr\/wp-json\/wp\/v2\/comments?post=4567"}],"version-history":[{"count":8,"href":"https:\/\/www.tegolakite.com\/fr\/wp-json\/wp\/v2\/pages\/4567\/revisions"}],"predecessor-version":[{"id":4827,"href":"https:\/\/www.tegolakite.com\/fr\/wp-json\/wp\/v2\/pages\/4567\/revisions\/4827"}],"wp:attachment":[{"href":"https:\/\/www.tegolakite.com\/fr\/wp-json\/wp\/v2\/media?parent=4567"}],"wp:term":[{"taxonomy":"category","embeddable":true,"href":"https:\/\/www.tegolakite.com\/fr\/wp-json\/wp\/v2\/categories?post=4567"},{"taxonomy":"post_tag","embeddable":true,"href":"https:\/\/www.tegolakite.com\/fr\/wp-json\/wp\/v2\/tags?post=4567"}],"curies":[{"name":"wp","href":"https:\/\/api.w.org\/{rel}","templated":true}]}}