{"id":4570,"date":"2018-06-17T19:52:41","date_gmt":"2018-06-17T17:52:41","guid":{"rendered":"https:\/\/www.jcweb.it\/kite\/?page_id=4570"},"modified":"2019-05-06T22:15:48","modified_gmt":"2019-05-06T20:15:48","slug":"protection-impermeable","status":"publish","type":"page","link":"https:\/\/www.tegolakite.com\/fr\/protection-impermeable\/","title":{"rendered":"Protection imperm\u00e9able"},"content":{"rendered":"<p>[vc_row][vc_column width=&#8221;1\/4&#8243; css=&#8221;.vc_custom_1494076439087{margin-right: 30px !important;margin-left: 10px !important;border-right-width: 10px !important;border-left-width: 10px !important;}&#8221;][vc_empty_space height=&#8221;25px&#8221;][vc_single_image image=&#8221;3307&#8243; alignment=&#8221;center&#8221; css_animation=&#8221;bounceIn&#8221;][\/vc_column][vc_column css_animation=&#8221;fadeInDown&#8221; width=&#8221;3\/4&#8243;][vc_empty_space height=&#8221;50px&#8221;][vc_row_inner][vc_column_inner width=&#8221;1\/2&#8243;][vc_column_text]<\/p>\n<p style=\"text-align: left; font-size: 18px;\">La tuile <strong><span style=\"color: #becd00;\">KITE<\/span><\/strong> est un \u00e9l\u00e9ment de d\u00e9fense indispensable pour les toits et les superficies, car elle les rend compl\u00e8tement imperm\u00e9ables : le cadre dans lequel elle est pos\u00e9e, donc, r\u00e9sulte inattaquable m\u00eame de ce point de vue.<\/p>\n<p style=\"text-align: left; font-size: 18px;\">Gr\u00e2ce \u00e0 l\u2019excellent grade d\u2019imperm\u00e9abilisation, elle vous permet d\u2019<strong>\u00e9viter<\/strong> , dans le temps, des probl\u00e8mes d\u2019<strong>infiltrations<\/strong>, d\u2019<strong>humidit\u00e9<\/strong> et de <strong>corrosion<\/strong> qui se v\u00e9rifient \u00e0 contact avec l\u2019eau et qui peuvent r\u00e9ussir \u00e0 endommager m\u00eame les murs internes et les \u00e9tages inf\u00e9rieurs.<\/p>\n<p>[\/vc_column_text][\/vc_column_inner][vc_column_inner width=&#8221;1\/2&#8243;][vc_column_text]<\/p>\n<p style=\"text-align: left; font-size: 18px;\">Dites adieu aux entretiens couteux et aux infiltrations des murs, ennemi redoutable de beaucoup d\u2019\u00e9difices, surtout de ceux avec une faible exposition au soleil. La tenue de l\u2019eau de notre tuile est garantie par l\u2019utilisation de <strong>mat\u00e9riaux de premier choix<\/strong>.<\/p>\n<p>[\/vc_column_text][\/vc_column_inner][\/vc_row_inner][\/vc_column][\/vc_row][vc_row content_placement=&#8221;middle&#8221;][vc_column][vc_empty_space height=&#8221;25px&#8221;][vc_separator color=&#8221;om-theme-color&#8221; border_width=&#8221;2&#8243; css_animation=&#8221;bounceIn&#8221;][vc_empty_space height=&#8221;25px&#8221;][\/vc_column][\/vc_row][vc_row padding_top=&#8221;70&#8243;][vc_column width=&#8221;1\/4&#8243;][vc_single_image image=&#8221;3310&#8243; alignment=&#8221;center&#8221; style=&#8221;vc_box_circle&#8221; onclick=&#8221;custom_link&#8221; css_animation=&#8221;bounceIn&#8221; link=&#8221;https:\/\/www.tegolakite.com\/fr\/resistante-dans-le-temps\/&#8221;][om_reduce_space height=&#8221;20px&#8221;][vc_column_text]<\/p>\n<h3 style=\"text-align: center;\">R\u00c9SISTANTE<br \/>\nDANS LE TEMPS<\/h3>\n<p>[\/vc_column_text][\/vc_column][vc_column width=&#8221;1\/4&#8243;][vc_single_image image=&#8221;3309&#8243; alignment=&#8221;center&#8221; style=&#8221;vc_box_circle&#8221; onclick=&#8221;custom_link&#8221; css_animation=&#8221;bounceIn&#8221; link=&#8221;https:\/\/www.tegolakite.com\/fr\/resistante-au-vent\/&#8221;][om_reduce_space height=&#8221;20px&#8221;][vc_column_text]<\/p>\n<h3 style=\"text-align: center;\">R\u00c9SISTANTE<br \/>\nAU VENT<\/h3>\n<p>[\/vc_column_text][\/vc_column][vc_column width=&#8221;1\/4&#8243;][vc_single_image image=&#8221;3311&#8243; alignment=&#8221;center&#8221; style=&#8221;vc_box_circle&#8221; onclick=&#8221;custom_link&#8221; css_animation=&#8221;bounceIn&#8221; link=&#8221;https:\/\/www.tegolakite.com\/fr\/resistant-a-la-neige-et-a-la-glace\/&#8221;][om_reduce_space height=&#8221;20px&#8221;][vc_column_text]<\/p>\n<h3 style=\"text-align: center;\">R\u00c9SISTANT \u00c0 LA NEIGE<br \/>\nET \u00c0 LA GLACE<\/h3>\n<p>[\/vc_column_text][\/vc_column][vc_column width=&#8221;1\/4&#8243;][vc_single_image image=&#8221;3308&#8243; alignment=&#8221;center&#8221; style=&#8221;vc_box_circle&#8221; onclick=&#8221;custom_link&#8221; css_animation=&#8221;bounceIn&#8221; link=&#8221;https:\/\/www.tegolakite.com\/fr\/protection-aux-variations-thermiques\/&#8221;][om_reduce_space height=&#8221;20px&#8221;][vc_column_text]<\/p>\n<h3 style=\"text-align: center;\">PROTECTION AUX<br \/>\nVARIATIONS THERMIQUES<\/h3>\n<p>[\/vc_column_text][\/vc_column][\/vc_row][vc_row padding_top=&#8221;70px&#8221; padding_bottom=&#8221;70px&#8221; el_class=&#8221;riga-icone-animate&#8221;][vc_column width=&#8221;1\/4&#8243;][vc_single_image image=&#8221;3307&#8243; alignment=&#8221;center&#8221; style=&#8221;vc_box_circle&#8221; onclick=&#8221;custom_link&#8221; css_animation=&#8221;bounceIn&#8221; link=&#8221;https:\/\/www.tegolakite.com\/fr\/protection-impermeable\/&#8221;][om_reduce_space height=&#8221;20px&#8221;][vc_column_text]<\/p>\n<h3 style=\"text-align: center;\">PROTECTION IMPERM\u00c9ABLE<\/h3>\n<p>[\/vc_column_text][\/vc_column][vc_column width=&#8221;1\/4&#8243;][vc_single_image image=&#8221;3306&#8243; alignment=&#8221;center&#8221; style=&#8221;vc_box_circle&#8221; onclick=&#8221;custom_link&#8221; css_animation=&#8221;bounceIn&#8221; link=&#8221;https:\/\/www.tegolakite.com\/fr\/materiaux-ecologiques\/&#8221;][om_reduce_space height=&#8221;20px&#8221;][vc_column_text]<\/p>\n<h3 style=\"text-align: center;\">MAT\u00c9RIAUX<br \/>\n\u00c9COLOGIQUES<\/h3>\n<p>[\/vc_column_text][\/vc_column][vc_column width=&#8221;1\/4&#8243;][vc_single_image image=&#8221;3304&#8243; alignment=&#8221;center&#8221; style=&#8221;vc_box_circle&#8221; onclick=&#8221;custom_link&#8221; css_animation=&#8221;bounceIn&#8221; link=&#8221;https:\/\/www.tegolakite.com\/fr\/facile-a-poser\/&#8221;][om_reduce_space height=&#8221;20px&#8221;][vc_column_text]<\/p>\n<h3 style=\"text-align: center;\">FACILE<br \/>\n\u00c0 POSER<\/h3>\n<p>[\/vc_column_text][\/vc_column][vc_column width=&#8221;1\/4&#8243;][vc_single_image image=&#8221;3971&#8243; alignment=&#8221;center&#8221; onclick=&#8221;custom_link&#8221; img_link_target=&#8221;_blank&#8221; css_animation=&#8221;bounceIn&#8221; link=&#8221;https:\/\/www.tegolakite.com\/wp-content\/uploads\/2018\/06\/FR-SCHEDA-TECNICA-KITE.pdf&#8221;][om_reduce_space height=&#8221;20px&#8221;][vc_column_text]<\/p>\n<h3 style=\"text-align: center;\">D\u00c9CHARGEZ<br \/>\nLA FICHE PDF<\/h3>\n<p>[\/vc_column_text][\/vc_column][\/vc_row]<\/p>\n","protected":false},"excerpt":{"rendered":"<p>[vc_row][vc_column width=&#8221;1\/4&#8243; css=&#8221;.vc_custom_1494076439087{margin-right: 30px !important;margin-left: 10px !important;border-right-width: 10px !important;border-left-width: 10px !important;}&#8221;][vc_empty_space height=&#8221;25px&#8221;][vc_single_image image=&#8221;3307&#8243; alignment=&#8221;center&#8221; css_animation=&#8221;bounceIn&#8221;][\/vc_column][vc_column css_animation=&#8221;fadeInDown&#8221; width=&#8221;3\/4&#8243;][vc_empty_space height=&#8221;50px&#8221;][vc_row_inner][vc_column_inner width=&#8221;1\/2&#8243;][vc_column_text] La tuile KITE est un \u00e9l\u00e9ment&hellip;<\/p>\n<p><a href=\"https:\/\/www.tegolakite.com\/fr\/protection-impermeable\/\" class=\"more-link post-excerpt-readmore\"><span class=\"more-link-inner\">Read more<\/span><span class=\"more-link-brd\"><\/span><\/a><\/p>\n","protected":false},"author":1,"featured_media":0,"parent":0,"menu_order":0,"comment_status":"open","ping_status":"closed","template":"","meta":{"footnotes":""},"categories":[54],"tags":[],"class_list":["post-4570","page","type-page","status-publish","hentry","category-caratteristiche-kite-fr"],"_links":{"self":[{"href":"https:\/\/www.tegolakite.com\/fr\/wp-json\/wp\/v2\/pages\/4570","targetHints":{"allow":["GET"]}}],"collection":[{"href":"https:\/\/www.tegolakite.com\/fr\/wp-json\/wp\/v2\/pages"}],"about":[{"href":"https:\/\/www.tegolakite.com\/fr\/wp-json\/wp\/v2\/types\/page"}],"author":[{"embeddable":true,"href":"https:\/\/www.tegolakite.com\/fr\/wp-json\/wp\/v2\/users\/1"}],"replies":[{"embeddable":true,"href":"https:\/\/www.tegolakite.com\/fr\/wp-json\/wp\/v2\/comments?post=4570"}],"version-history":[{"count":7,"href":"https:\/\/www.tegolakite.com\/fr\/wp-json\/wp\/v2\/pages\/4570\/revisions"}],"predecessor-version":[{"id":4828,"href":"https:\/\/www.tegolakite.com\/fr\/wp-json\/wp\/v2\/pages\/4570\/revisions\/4828"}],"wp:attachment":[{"href":"https:\/\/www.tegolakite.com\/fr\/wp-json\/wp\/v2\/media?parent=4570"}],"wp:term":[{"taxonomy":"category","embeddable":true,"href":"https:\/\/www.tegolakite.com\/fr\/wp-json\/wp\/v2\/categories?post=4570"},{"taxonomy":"post_tag","embeddable":true,"href":"https:\/\/www.tegolakite.com\/fr\/wp-json\/wp\/v2\/tags?post=4570"}],"curies":[{"name":"wp","href":"https:\/\/api.w.org\/{rel}","templated":true}]}}